{"id":10,"date":"2019-12-17T23:02:26","date_gmt":"2019-12-17T22:02:26","guid":{"rendered":"http:\/\/lesballassoux.com\/?page_id=10"},"modified":"2024-12-05T07:09:41","modified_gmt":"2024-12-05T06:09:41","slug":"bonjour-a-vous","status":"publish","type":"page","link":"https:\/\/lesballassoux.com\/","title":{"rendered":"Bonjour \u00e0 Vous!"},"content":{"rendered":"\n<p><\/p>\n\n\n\n<figure class=\"wp-block-image size-full\"><img loading=\"lazy\" decoding=\"async\" width=\"488\" height=\"597\" src=\"https:\/\/lesballassoux.com\/wp-content\/uploads\/2024\/11\/image.png\" alt=\"\" class=\"wp-image-101\" srcset=\"https:\/\/lesballassoux.com\/wp-content\/uploads\/2024\/11\/image.png 488w, https:\/\/lesballassoux.com\/wp-content\/uploads\/2024\/11\/image-245x300.png 245w\" sizes=\"auto, (max-width: 488px) 100vw, 488px\" \/><\/figure>\n\n\n\n<figure class=\"wp-block-image size-full\"><img loading=\"lazy\" decoding=\"async\" width=\"720\" height=\"960\" src=\"https:\/\/lesballassoux.com\/wp-content\/uploads\/2024\/12\/FB_IMG_1733250090988.jpg\" alt=\"\" class=\"wp-image-105\" srcset=\"https:\/\/lesballassoux.com\/wp-content\/uploads\/2024\/12\/FB_IMG_1733250090988.jpg 720w, https:\/\/lesballassoux.com\/wp-content\/uploads\/2024\/12\/FB_IMG_1733250090988-225x300.jpg 225w\" sizes=\"auto, (max-width: 720px) 100vw, 720px\" \/><figcaption class=\"wp-element-caption\">Activit\u00e9 Dict\u00e9e : T\u00e9l\u00e9thon 2024<\/figcaption><\/figure>\n\n\n\n<figure class=\"wp-block-image size-full\"><img loading=\"lazy\" decoding=\"async\" width=\"960\" height=\"720\" src=\"https:\/\/lesballassoux.com\/wp-content\/uploads\/2024\/12\/FB_IMG_1733250085163.jpg\" alt=\"\" class=\"wp-image-106\" srcset=\"https:\/\/lesballassoux.com\/wp-content\/uploads\/2024\/12\/FB_IMG_1733250085163.jpg 960w, https:\/\/lesballassoux.com\/wp-content\/uploads\/2024\/12\/FB_IMG_1733250085163-300x225.jpg 300w, https:\/\/lesballassoux.com\/wp-content\/uploads\/2024\/12\/FB_IMG_1733250085163-768x576.jpg 768w\" sizes=\"auto, (max-width: 767px) 89vw, (max-width: 1000px) 54vw, (max-width: 1071px) 543px, 580px\" \/><figcaption class=\"wp-element-caption\">Activit\u00e9 Dict\u00e9e : T\u00e9l\u00e9thon 2024<\/figcaption><\/figure>\n\n\n\n<figure class=\"wp-block-image size-full\"><img loading=\"lazy\" decoding=\"async\" width=\"960\" height=\"720\" src=\"https:\/\/lesballassoux.com\/wp-content\/uploads\/2024\/12\/FB_IMG_1733250096289.jpg\" alt=\"\" class=\"wp-image-107\" srcset=\"https:\/\/lesballassoux.com\/wp-content\/uploads\/2024\/12\/FB_IMG_1733250096289.jpg 960w, https:\/\/lesballassoux.com\/wp-content\/uploads\/2024\/12\/FB_IMG_1733250096289-300x225.jpg 300w, https:\/\/lesballassoux.com\/wp-content\/uploads\/2024\/12\/FB_IMG_1733250096289-768x576.jpg 768w\" sizes=\"auto, (max-width: 767px) 89vw, (max-width: 1000px) 54vw, (max-width: 1071px) 543px, 580px\" \/><figcaption class=\"wp-element-caption\">Activit\u00e9 Dict\u00e9e : T\u00e9l\u00e9thon 2024<\/figcaption><\/figure>\n\n\n\n<h2 class=\"wp-block-heading\"><strong>Buts premiers de l\u2019association&nbsp;:<\/strong> <\/h2>\n\n\n\n<p>L\u2019association\ns\u2019int\u00e9resse \u00e0 tout ce qui constitue le patrimoine culturel, mat\u00e9riel et\nimmat\u00e9riel, d\u2019ici et d\u2019ailleurs. Elle s\u2019applique \u00e0&nbsp; sauvegarder et perp\u00e9tuer la culture de nos a\u00efeux\n\u00e0 travers&nbsp;la recherche et l\u2019apprentissage de toutes traditions, chants,\ndanses, parler\u2026, l\u2019animation de bals, repas, veill\u00e9es \u2026, l\u2019organisation\nd\u2019expositions, les \u00e9changes avec les autres r\u00e9gions de France et au-del\u00e0.<\/p>\n\n\n\n<h2 class=\"wp-block-heading\"> <strong>Origine du nom \u00ab&nbsp;Les Ballassoux&nbsp;\u00bb<\/strong> <\/h2>\n\n\n\n<p>Notre activit\u00e9 premi\u00e8re a \u00e9t\u00e9 la pratique de la <strong>danse<\/strong>, d\u2019o\u00f9 notre nom, issu du verbe de l\u2019ancien fran\u00e7ais \u00ab&nbsp;baller&nbsp;\u00bb&nbsp;qui signifie danser et dont on est tellement friands&nbsp; qu\u2019on devient&nbsp; \u00ab&nbsp;ballassoux&nbsp;\u00bb. <\/p>\n\n\n\n<p><strong>Les mots qui nous guident sont&nbsp;: rencontre,&nbsp; \u00e9change, convivialit\u00e9.<\/strong><\/p>\n\n\n<p><!--EndFragment--><\/p>\n<h2>Bureau<\/h2>\n<ul>\n<li>Pr\u00e9sident : Bernard CREMET<\/li>\n<li>Vice-Pr\u00e9sidente : Sylvette JOSSENCY<\/li>\n<li>Tr\u00e9sori\u00e8re : Jo\u00eblle GIPTEAU<\/li>\n<li>Tr\u00e9sorier adjoint : Alexandre ADAM<\/li>\n<li>Secr\u00e9taire : Dany CHEVENON<\/li>\n<li>Secr\u00e9taire adjointe : Annette CROUAIL<\/li>\n<\/ul>\n<h2>Activit\u00e9s r\u00e9guli\u00e8res<\/h2>\n<ul>\n<li><strong>La danse<\/strong><\/li>\n<\/ul>\n<p>1 atelier hebdomadaire de danses traditionnelles d\u2019ici et d\u2019ailleurs (r\u00e9gions fran\u00e7aises, country, sega, Irlande, Isra\u00ebl&#8230;) le lundi de 20h15\u00a0\u00e0 22h \u00e0 la salle Albert Rivas, 1 rue Emile Zola.<\/p>\n<ul>\n<li><strong>Le th\u00e9\u00e2tre<\/strong><\/li>\n<\/ul>\n<p>Envie de faire du th\u00e9\u00e2tre ? L\u2019atelier de la famille Bagouli\u00a0est pr\u00eat \u00e0 vous accueillir. Que l\u2019on soit grand ou petit, homme ou femme, timide ou extraverti, le th\u00e9\u00e2tre est fait pour tous.<strong>\u00a0<\/strong><\/p>\n<p>Dans un cadre ludique et bienveillant, les participants sont invit\u00e9s \u00e0 exp\u00e9rimenter et d\u00e9velopper diff\u00e9rentes facettes du jeu. Chacun peut, \u00e0 son rythme, trouver sa place au sein du groupe. Le but est bien s\u00fbr de d\u00e9velopper le plaisir de jouer, mais aussi, celui d\u2019\u00eatre ensemble. A terme, l\u2019atelier s\u2019oriente vers la cr\u00e9ation d\u2019un spectacle. Depuis presque vingt ans, il a r\u00e9alis\u00e9 plus de vingt mises en sc\u00e8ne et autant de repr\u00e9sentations publiques.<\/p>\n<p>Deux conditions pour rejoindre l&rsquo;atelier : avoir envie de s\u2019amuser et \u00eatre \u00e2g\u00e9 d&rsquo;au moins 16\u00a0ans. Une ou deux s\u00e9ances sont offertes pour mettre en app\u00e9tit. Ceux qui le souhaitent pourront ensuite transformer l\u2019essai en revenant r\u00e9guli\u00e8rement et en adh\u00e9rant \u00e0 l\u2019association.<\/p>\n<p>Contact au 05 46.35.32.04 (r\u00e9pondeur en cas d\u2019absence).<\/p>\n<h2>Activit\u00e9s<\/h2>\n\n\n<figure class=\"wp-block-image size-large\"><img loading=\"lazy\" decoding=\"async\" width=\"740\" height=\"1024\" src=\"http:\/\/lesballassoux.com\/wp-content\/uploads\/2022\/09\/Capture_1-740x1024.png\" alt=\"\" class=\"wp-image-42\" srcset=\"https:\/\/lesballassoux.com\/wp-content\/uploads\/2022\/09\/Capture_1-740x1024.png 740w, https:\/\/lesballassoux.com\/wp-content\/uploads\/2022\/09\/Capture_1-217x300.png 217w, https:\/\/lesballassoux.com\/wp-content\/uploads\/2022\/09\/Capture_1-768x1062.png 768w, https:\/\/lesballassoux.com\/wp-content\/uploads\/2022\/09\/Capture_1.png 791w\" sizes=\"auto, (max-width: 706px) 89vw, (max-width: 767px) 82vw, 740px\" \/><\/figure>\n\n\n\n<figure class=\"wp-block-image size-large\"><img loading=\"lazy\" decoding=\"async\" width=\"768\" height=\"1024\" src=\"http:\/\/lesballassoux.com\/wp-content\/uploads\/2022\/09\/Capture_2-768x1024.png\" alt=\"\" class=\"wp-image-43\" srcset=\"https:\/\/lesballassoux.com\/wp-content\/uploads\/2022\/09\/Capture_2-768x1024.png 768w, https:\/\/lesballassoux.com\/wp-content\/uploads\/2022\/09\/Capture_2-225x300.png 225w, https:\/\/lesballassoux.com\/wp-content\/uploads\/2022\/09\/Capture_2.png 773w\" sizes=\"auto, (max-width: 767px) 89vw, (max-width: 1000px) 54vw, (max-width: 1071px) 543px, 580px\" \/><\/figure>\n\n\n\n<figure class=\"wp-block-image size-full\"><img loading=\"lazy\" decoding=\"async\" width=\"763\" height=\"975\" src=\"http:\/\/lesballassoux.com\/wp-content\/uploads\/2022\/09\/Capture_3.png\" alt=\"\" class=\"wp-image-44\" srcset=\"https:\/\/lesballassoux.com\/wp-content\/uploads\/2022\/09\/Capture_3.png 763w, https:\/\/lesballassoux.com\/wp-content\/uploads\/2022\/09\/Capture_3-235x300.png 235w\" sizes=\"auto, (max-width: 706px) 89vw, (max-width: 767px) 82vw, 740px\" \/><\/figure>\n\n\n\n<figure class=\"wp-block-image size-full\"><img loading=\"lazy\" decoding=\"async\" width=\"680\" height=\"971\" src=\"http:\/\/lesballassoux.com\/wp-content\/uploads\/2022\/09\/Capture_4.png\" alt=\"\" class=\"wp-image-46\" srcset=\"https:\/\/lesballassoux.com\/wp-content\/uploads\/2022\/09\/Capture_4.png 680w, https:\/\/lesballassoux.com\/wp-content\/uploads\/2022\/09\/Capture_4-210x300.png 210w\" sizes=\"auto, (max-width: 680px) 100vw, 680px\" \/><\/figure>\n\n\n\n<h2 class=\"wp-block-heading\">Contact<\/h2>\n\n\n\n<ul class=\"wp-block-list\">\n<li><strong>Monsieur Bernard CREMET &#8211; Pr\u00e9sident<\/strong><\/li>\n\n\n\n<li><strong>T\u00e9l. :&nbsp;<\/strong>06 26 55 24 82<\/li>\n\n\n\n<li><strong>Mail :<\/strong>&nbsp;<a href=\"mailto:lesballassoux17139@gmail.com\">lesballassoux17139@gmail.com<\/a><\/li>\n<\/ul>\n\n\n\n<p><\/p>\n","protected":false},"excerpt":{"rendered":"<p>Buts premiers de l\u2019association&nbsp;: L\u2019association s\u2019int\u00e9resse \u00e0 tout ce qui constitue le patrimoine culturel, mat\u00e9riel et immat\u00e9riel, d\u2019ici et d\u2019ailleurs. Elle s\u2019applique \u00e0&nbsp; sauvegarder et perp\u00e9tuer la culture de nos a\u00efeux \u00e0 travers&nbsp;la recherche et l\u2019apprentissage de toutes traditions, chants, danses, parler\u2026, l\u2019animation de bals, repas, veill\u00e9es \u2026, l\u2019organisation d\u2019expositions, les \u00e9changes avec les autres &hellip; <\/p>\n<p class=\"link-more\"><a href=\"https:\/\/lesballassoux.com\/\" class=\"more-link\">Continuer la lecture<span class=\"screen-reader-text\"> de &laquo;&nbsp;Bonjour \u00e0 Vous!&nbsp;&raquo;<\/span><\/a><\/p>\n","protected":false},"author":1,"featured_media":0,"parent":0,"menu_order":0,"comment_status":"closed","ping_status":"closed","template":"","meta":{"footnotes":""},"class_list":["post-10","page","type-page","status-publish","hentry"],"_links":{"self":[{"href":"https:\/\/lesballassoux.com\/index.php\/wp-json\/wp\/v2\/pages\/10","targetHints":{"allow":["GET"]}}],"collection":[{"href":"https:\/\/lesballassoux.com\/index.php\/wp-json\/wp\/v2\/pages"}],"about":[{"href":"https:\/\/lesballassoux.com\/index.php\/wp-json\/wp\/v2\/types\/page"}],"author":[{"embeddable":true,"href":"https:\/\/lesballassoux.com\/index.php\/wp-json\/wp\/v2\/users\/1"}],"replies":[{"embeddable":true,"href":"https:\/\/lesballassoux.com\/index.php\/wp-json\/wp\/v2\/comments?post=10"}],"version-history":[{"count":16,"href":"https:\/\/lesballassoux.com\/index.php\/wp-json\/wp\/v2\/pages\/10\/revisions"}],"predecessor-version":[{"id":109,"href":"https:\/\/lesballassoux.com\/index.php\/wp-json\/wp\/v2\/pages\/10\/revisions\/109"}],"wp:attachment":[{"href":"https:\/\/lesballassoux.com\/index.php\/wp-json\/wp\/v2\/media?parent=10"}],"curies":[{"name":"wp","href":"https:\/\/api.w.org\/{rel}","templated":true}]}}